{"id":532,"date":"2019-09-08T13:46:02","date_gmt":"2019-09-08T15:46:02","guid":{"rendered":"https:\/\/odika.lt\/?page_id=532"},"modified":"2020-12-13T13:25:22","modified_gmt":"2020-12-13T15:25:22","slug":"ranku-darbo-odiniai-suvenyrai","status":"publish","type":"page","link":"https:\/\/www.odika.lt\/","title":{"rendered":"Rank\u0173 darbo odiniai suvenyrai"},"content":{"rendered":"\n<h2 class=\"wp-block-heading\"> <\/h2>\n","protected":false},"excerpt":{"rendered":"","protected":false},"author":1,"featured_media":0,"parent":0,"menu_order":0,"comment_status":"closed","ping_status":"closed","template":"template-homepage.php","meta":{"footnotes":""},"class_list":["post-532","page","type-page","status-publish","hentry"],"yoast_head":"<!-- This site is optimized with the Yoast SEO plugin v24.8.1 - https:\/\/yoast.com\/wordpress\/plugins\/seo\/ -->\n<title>Rank\u0173 darbo odiniai suvenyrai - odika<\/title>\n<meta name=\"description\" content=\"Rank\u0173 darbo odiniai suvenyrai: pinigin\u0117s, papuo\u0161alai su gintaru ir pusbrangiais akmenimis, d\u0117\u017eut\u0117s juvelyrikai,suvenyriniai buteliai, gertuv\u0117s, u\u017era\u0161\u0173 knygut\u0117s odiniais vir\u0161eliais\" \/>\n<meta name=\"robots\" content=\"index, follow, max-snippet:-1, max-image-preview:large, max-video-preview:-1\" \/>\n<link rel=\"canonical\" href=\"https:\/\/www.odika.lt\/\" \/>\n<meta property=\"og:locale\" content=\"lt_LT\" \/>\n<meta property=\"og:type\" content=\"article\" \/>\n<meta property=\"og:title\" content=\"Rank\u0173 darbo odiniai suvenyrai - odika\" \/>\n<meta property=\"og:description\" content=\"Rank\u0173 darbo odiniai suvenyrai: pinigin\u0117s, papuo\u0161alai su gintaru ir pusbrangiais akmenimis, d\u0117\u017eut\u0117s juvelyrikai,suvenyriniai buteliai, gertuv\u0117s, u\u017era\u0161\u0173 knygut\u0117s odiniais vir\u0161eliais\" \/>\n<meta property=\"og:url\" content=\"https:\/\/www.odika.lt\/\" \/>\n<meta property=\"og:site_name\" content=\"odika\" \/>\n<meta property=\"article:publisher\" content=\"https:\/\/www.facebook.com\/baguzio.tapyba.7\" \/>\n<meta property=\"article:modified_time\" content=\"2020-12-13T15:25:22+00:00\" \/>\n<meta name=\"twitter:card\" content=\"summary_large_image\" \/>\n<script type=\"application\/ld+json\" class=\"yoast-schema-graph\">{\"@context\":\"https:\/\/schema.org\",\"@graph\":[{\"@type\":\"WebPage\",\"@id\":\"https:\/\/www.odika.lt\/\",\"url\":\"https:\/\/www.odika.lt\/\",\"name\":\"Rank\u0173 darbo odiniai suvenyrai - odika\",\"isPartOf\":{\"@id\":\"https:\/\/www.odika.lt\/#website\"},\"datePublished\":\"2019-09-08T15:46:02+00:00\",\"dateModified\":\"2020-12-13T15:25:22+00:00\",\"description\":\"Rank\u0173 darbo odiniai suvenyrai: pinigin\u0117s, papuo\u0161alai su gintaru ir pusbrangiais akmenimis, d\u0117\u017eut\u0117s juvelyrikai,suvenyriniai buteliai, gertuv\u0117s, u\u017era\u0161\u0173 knygut\u0117s odiniais vir\u0161eliais\",\"breadcrumb\":{\"@id\":\"https:\/\/www.odika.lt\/#breadcrumb\"},\"inLanguage\":\"lt-LT\",\"potentialAction\":[{\"@type\":\"ReadAction\",\"target\":[\"https:\/\/www.odika.lt\/\"]}]},{\"@type\":\"BreadcrumbList\",\"@id\":\"https:\/\/www.odika.lt\/#breadcrumb\",\"itemListElement\":[{\"@type\":\"ListItem\",\"position\":1,\"name\":\"Home\",\"item\":\"https:\/\/www.odika.lt\/\"},{\"@type\":\"ListItem\",\"position\":2,\"name\":\"Rank\u0173 darbo odiniai suvenyrai\"}]},{\"@type\":\"WebSite\",\"@id\":\"https:\/\/www.odika.lt\/#website\",\"url\":\"https:\/\/www.odika.lt\/\",\"name\":\"odika\",\"description\":\"Odos dirbiniai ir odiniai suvenyrai\",\"publisher\":{\"@id\":\"https:\/\/www.odika.lt\/#organization\"},\"potentialAction\":[{\"@type\":\"SearchAction\",\"target\":{\"@type\":\"EntryPoint\",\"urlTemplate\":\"https:\/\/www.odika.lt\/?s={search_term_string}\"},\"query-input\":{\"@type\":\"PropertyValueSpecification\",\"valueRequired\":true,\"valueName\":\"search_term_string\"}}],\"inLanguage\":\"lt-LT\"},{\"@type\":\"Organization\",\"@id\":\"https:\/\/www.odika.lt\/#organization\",\"name\":\"odika\",\"url\":\"https:\/\/www.odika.lt\/\",\"logo\":{\"@type\":\"ImageObject\",\"inLanguage\":\"lt-LT\",\"@id\":\"https:\/\/www.odika.lt\/#\/schema\/logo\/image\/\",\"url\":\"https:\/\/www.odika.lt\/wp-content\/uploads\/2024\/05\/cropped-odika-web-logo.png\",\"contentUrl\":\"https:\/\/www.odika.lt\/wp-content\/uploads\/2024\/05\/cropped-odika-web-logo.png\",\"width\":768,\"height\":275,\"caption\":\"odika\"},\"image\":{\"@id\":\"https:\/\/www.odika.lt\/#\/schema\/logo\/image\/\"},\"sameAs\":[\"https:\/\/www.facebook.com\/baguzio.tapyba.7\"]}]}<\/script>\n<!-- \/ Yoast SEO plugin. -->","yoast_head_json":{"title":"Rank\u0173 darbo odiniai suvenyrai - odika","description":"Rank\u0173 darbo odiniai suvenyrai: pinigin\u0117s, papuo\u0161alai su gintaru ir pusbrangiais akmenimis, d\u0117\u017eut\u0117s juvelyrikai,suvenyriniai buteliai, gertuv\u0117s, u\u017era\u0161\u0173 knygut\u0117s odiniais vir\u0161eliais","robots":{"index":"index","follow":"follow","max-snippet":"max-snippet:-1","max-image-preview":"max-image-preview:large","max-video-preview":"max-video-preview:-1"},"canonical":"https:\/\/www.odika.lt\/","og_locale":"lt_LT","og_type":"article","og_title":"Rank\u0173 darbo odiniai suvenyrai - odika","og_description":"Rank\u0173 darbo odiniai suvenyrai: pinigin\u0117s, papuo\u0161alai su gintaru ir pusbrangiais akmenimis, d\u0117\u017eut\u0117s juvelyrikai,suvenyriniai buteliai, gertuv\u0117s, u\u017era\u0161\u0173 knygut\u0117s odiniais vir\u0161eliais","og_url":"https:\/\/www.odika.lt\/","og_site_name":"odika","article_publisher":"https:\/\/www.facebook.com\/baguzio.tapyba.7","article_modified_time":"2020-12-13T15:25:22+00:00","twitter_card":"summary_large_image","schema":{"@context":"https:\/\/schema.org","@graph":[{"@type":"WebPage","@id":"https:\/\/www.odika.lt\/","url":"https:\/\/www.odika.lt\/","name":"Rank\u0173 darbo odiniai suvenyrai - odika","isPartOf":{"@id":"https:\/\/www.odika.lt\/#website"},"datePublished":"2019-09-08T15:46:02+00:00","dateModified":"2020-12-13T15:25:22+00:00","description":"Rank\u0173 darbo odiniai suvenyrai: pinigin\u0117s, papuo\u0161alai su gintaru ir pusbrangiais akmenimis, d\u0117\u017eut\u0117s juvelyrikai,suvenyriniai buteliai, gertuv\u0117s, u\u017era\u0161\u0173 knygut\u0117s odiniais vir\u0161eliais","breadcrumb":{"@id":"https:\/\/www.odika.lt\/#breadcrumb"},"inLanguage":"lt-LT","potentialAction":[{"@type":"ReadAction","target":["https:\/\/www.odika.lt\/"]}]},{"@type":"BreadcrumbList","@id":"https:\/\/www.odika.lt\/#breadcrumb","itemListElement":[{"@type":"ListItem","position":1,"name":"Home","item":"https:\/\/www.odika.lt\/"},{"@type":"ListItem","position":2,"name":"Rank\u0173 darbo odiniai suvenyrai"}]},{"@type":"WebSite","@id":"https:\/\/www.odika.lt\/#website","url":"https:\/\/www.odika.lt\/","name":"odika","description":"Odos dirbiniai ir odiniai suvenyrai","publisher":{"@id":"https:\/\/www.odika.lt\/#organization"},"potentialAction":[{"@type":"SearchAction","target":{"@type":"EntryPoint","urlTemplate":"https:\/\/www.odika.lt\/?s={search_term_string}"},"query-input":{"@type":"PropertyValueSpecification","valueRequired":true,"valueName":"search_term_string"}}],"inLanguage":"lt-LT"},{"@type":"Organization","@id":"https:\/\/www.odika.lt\/#organization","name":"odika","url":"https:\/\/www.odika.lt\/","logo":{"@type":"ImageObject","inLanguage":"lt-LT","@id":"https:\/\/www.odika.lt\/#\/schema\/logo\/image\/","url":"https:\/\/www.odika.lt\/wp-content\/uploads\/2024\/05\/cropped-odika-web-logo.png","contentUrl":"https:\/\/www.odika.lt\/wp-content\/uploads\/2024\/05\/cropped-odika-web-logo.png","width":768,"height":275,"caption":"odika"},"image":{"@id":"https:\/\/www.odika.lt\/#\/schema\/logo\/image\/"},"sameAs":["https:\/\/www.facebook.com\/baguzio.tapyba.7"]}]}},"_links":{"self":[{"href":"https:\/\/www.odika.lt\/index.php?rest_route=\/wp\/v2\/pages\/532","targetHints":{"allow":["GET"]}}],"collection":[{"href":"https:\/\/www.odika.lt\/index.php?rest_route=\/wp\/v2\/pages"}],"about":[{"href":"https:\/\/www.odika.lt\/index.php?rest_route=\/wp\/v2\/types\/page"}],"author":[{"embeddable":true,"href":"https:\/\/www.odika.lt\/index.php?rest_route=\/wp\/v2\/users\/1"}],"replies":[{"embeddable":true,"href":"https:\/\/www.odika.lt\/index.php?rest_route=%2Fwp%2Fv2%2Fcomments&post=532"}],"version-history":[{"count":13,"href":"https:\/\/www.odika.lt\/index.php?rest_route=\/wp\/v2\/pages\/532\/revisions"}],"predecessor-version":[{"id":7898,"href":"https:\/\/www.odika.lt\/index.php?rest_route=\/wp\/v2\/pages\/532\/revisions\/7898"}],"wp:attachment":[{"href":"https:\/\/www.odika.lt\/index.php?rest_route=%2Fwp%2Fv2%2Fmedia&parent=532"}],"curies":[{"name":"wp","href":"https:\/\/api.w.org\/{rel}","templated":true}]}}