{"id":538,"date":"2019-09-08T14:25:10","date_gmt":"2019-09-08T16:25:10","guid":{"rendered":"https:\/\/odika.lt\/index.php\/krepselis\/"},"modified":"2019-09-08T14:25:10","modified_gmt":"2019-09-08T16:25:10","slug":"krepselis","status":"publish","type":"page","link":"https:\/\/www.odika.lt\/?page_id=538","title":{"rendered":"Krep\u0161elis"},"content":{"rendered":"<div class=\"woocommerce\"><div class=\"woocommerce-notices-wrapper\"><\/div><div class=\"wc-empty-cart-message\">\n\t<div class=\"cart-empty woocommerce-info\">\n\t\tKrep\u0161elis dar tu\u0161\u010dias.\t<\/div>\n<\/div>\t<p class=\"return-to-shop\">\n\t\t<a class=\"button wc-backward\" href=\"https:\/\/www.odika.lt\/?page_id=2\">\n\t\t\tGr\u012f\u017eti \u012f parduotuv\u0119\t\t<\/a>\n\t<\/p>\n<\/div>\n","protected":false},"excerpt":{"rendered":"","protected":false},"author":1,"featured_media":0,"parent":0,"menu_order":0,"comment_status":"closed","ping_status":"closed","template":"","meta":{"footnotes":""},"class_list":["post-538","page","type-page","status-publish","hentry"],"yoast_head":"<!-- This site is optimized with the Yoast SEO plugin v24.8.1 - https:\/\/yoast.com\/wordpress\/plugins\/seo\/ -->\n<title>Krep\u0161elis - odika<\/title>\n<meta name=\"description\" content=\"Odos dirbiniai odiniai suvenyrai rank\u0173 darbo gintaras pusbrangiai akmenys juvelyrin\u0117s dezutes oda vir\u0161eliai oda dekoruotos gertuves portsigarai\" \/>\n<meta name=\"robots\" content=\"index, follow, max-snippet:-1, max-image-preview:large, max-video-preview:-1\" \/>\n<link rel=\"canonical\" href=\"https:\/\/www.odika.lt\/?page_id=538\" \/>\n<meta property=\"og:locale\" content=\"lt_LT\" \/>\n<meta property=\"og:type\" content=\"article\" \/>\n<meta property=\"og:title\" content=\"Krep\u0161elis - odika\" \/>\n<meta property=\"og:description\" content=\"Odos dirbiniai odiniai suvenyrai rank\u0173 darbo gintaras pusbrangiai akmenys juvelyrin\u0117s dezutes oda vir\u0161eliai oda dekoruotos gertuves portsigarai\" \/>\n<meta property=\"og:url\" content=\"https:\/\/www.odika.lt\/?page_id=538\" \/>\n<meta property=\"og:site_name\" content=\"odika\" \/>\n<meta property=\"article:publisher\" content=\"https:\/\/www.facebook.com\/baguzio.tapyba.7\" \/>\n<meta name=\"twitter:card\" content=\"summary_large_image\" \/>\n<script type=\"application\/ld+json\" class=\"yoast-schema-graph\">{\"@context\":\"https:\/\/schema.org\",\"@graph\":[{\"@type\":\"WebPage\",\"@id\":\"https:\/\/www.odika.lt\/?page_id=538\",\"url\":\"https:\/\/www.odika.lt\/?page_id=538\",\"name\":\"Krep\u0161elis - odika\",\"isPartOf\":{\"@id\":\"https:\/\/www.odika.lt\/#website\"},\"datePublished\":\"2019-09-08T16:25:10+00:00\",\"description\":\"Odos dirbiniai odiniai suvenyrai rank\u0173 darbo gintaras pusbrangiai akmenys juvelyrin\u0117s dezutes oda vir\u0161eliai oda dekoruotos gertuves portsigarai\",\"breadcrumb\":{\"@id\":\"https:\/\/www.odika.lt\/?page_id=538#breadcrumb\"},\"inLanguage\":\"lt-LT\",\"potentialAction\":[{\"@type\":\"ReadAction\",\"target\":[\"https:\/\/www.odika.lt\/?page_id=538\"]}]},{\"@type\":\"BreadcrumbList\",\"@id\":\"https:\/\/www.odika.lt\/?page_id=538#breadcrumb\",\"itemListElement\":[{\"@type\":\"ListItem\",\"position\":1,\"name\":\"Home\",\"item\":\"https:\/\/www.odika.lt\/\"},{\"@type\":\"ListItem\",\"position\":2,\"name\":\"Krep\u0161elis\"}]},{\"@type\":\"WebSite\",\"@id\":\"https:\/\/www.odika.lt\/#website\",\"url\":\"https:\/\/www.odika.lt\/\",\"name\":\"odika\",\"description\":\"Odos dirbiniai ir odiniai suvenyrai\",\"publisher\":{\"@id\":\"https:\/\/www.odika.lt\/#organization\"},\"potentialAction\":[{\"@type\":\"SearchAction\",\"target\":{\"@type\":\"EntryPoint\",\"urlTemplate\":\"https:\/\/www.odika.lt\/?s={search_term_string}\"},\"query-input\":{\"@type\":\"PropertyValueSpecification\",\"valueRequired\":true,\"valueName\":\"search_term_string\"}}],\"inLanguage\":\"lt-LT\"},{\"@type\":\"Organization\",\"@id\":\"https:\/\/www.odika.lt\/#organization\",\"name\":\"odika\",\"url\":\"https:\/\/www.odika.lt\/\",\"logo\":{\"@type\":\"ImageObject\",\"inLanguage\":\"lt-LT\",\"@id\":\"https:\/\/www.odika.lt\/#\/schema\/logo\/image\/\",\"url\":\"https:\/\/www.odika.lt\/wp-content\/uploads\/2024\/05\/cropped-odika-web-logo.png\",\"contentUrl\":\"https:\/\/www.odika.lt\/wp-content\/uploads\/2024\/05\/cropped-odika-web-logo.png\",\"width\":768,\"height\":275,\"caption\":\"odika\"},\"image\":{\"@id\":\"https:\/\/www.odika.lt\/#\/schema\/logo\/image\/\"},\"sameAs\":[\"https:\/\/www.facebook.com\/baguzio.tapyba.7\"]}]}<\/script>\n<!-- \/ Yoast SEO plugin. -->","yoast_head_json":{"title":"Krep\u0161elis - odika","description":"Odos dirbiniai odiniai suvenyrai rank\u0173 darbo gintaras pusbrangiai akmenys juvelyrin\u0117s dezutes oda vir\u0161eliai oda dekoruotos gertuves portsigarai","robots":{"index":"index","follow":"follow","max-snippet":"max-snippet:-1","max-image-preview":"max-image-preview:large","max-video-preview":"max-video-preview:-1"},"canonical":"https:\/\/www.odika.lt\/?page_id=538","og_locale":"lt_LT","og_type":"article","og_title":"Krep\u0161elis - odika","og_description":"Odos dirbiniai odiniai suvenyrai rank\u0173 darbo gintaras pusbrangiai akmenys juvelyrin\u0117s dezutes oda vir\u0161eliai oda dekoruotos gertuves portsigarai","og_url":"https:\/\/www.odika.lt\/?page_id=538","og_site_name":"odika","article_publisher":"https:\/\/www.facebook.com\/baguzio.tapyba.7","twitter_card":"summary_large_image","schema":{"@context":"https:\/\/schema.org","@graph":[{"@type":"WebPage","@id":"https:\/\/www.odika.lt\/?page_id=538","url":"https:\/\/www.odika.lt\/?page_id=538","name":"Krep\u0161elis - odika","isPartOf":{"@id":"https:\/\/www.odika.lt\/#website"},"datePublished":"2019-09-08T16:25:10+00:00","description":"Odos dirbiniai odiniai suvenyrai rank\u0173 darbo gintaras pusbrangiai akmenys juvelyrin\u0117s dezutes oda vir\u0161eliai oda dekoruotos gertuves portsigarai","breadcrumb":{"@id":"https:\/\/www.odika.lt\/?page_id=538#breadcrumb"},"inLanguage":"lt-LT","potentialAction":[{"@type":"ReadAction","target":["https:\/\/www.odika.lt\/?page_id=538"]}]},{"@type":"BreadcrumbList","@id":"https:\/\/www.odika.lt\/?page_id=538#breadcrumb","itemListElement":[{"@type":"ListItem","position":1,"name":"Home","item":"https:\/\/www.odika.lt\/"},{"@type":"ListItem","position":2,"name":"Krep\u0161elis"}]},{"@type":"WebSite","@id":"https:\/\/www.odika.lt\/#website","url":"https:\/\/www.odika.lt\/","name":"odika","description":"Odos dirbiniai ir odiniai suvenyrai","publisher":{"@id":"https:\/\/www.odika.lt\/#organization"},"potentialAction":[{"@type":"SearchAction","target":{"@type":"EntryPoint","urlTemplate":"https:\/\/www.odika.lt\/?s={search_term_string}"},"query-input":{"@type":"PropertyValueSpecification","valueRequired":true,"valueName":"search_term_string"}}],"inLanguage":"lt-LT"},{"@type":"Organization","@id":"https:\/\/www.odika.lt\/#organization","name":"odika","url":"https:\/\/www.odika.lt\/","logo":{"@type":"ImageObject","inLanguage":"lt-LT","@id":"https:\/\/www.odika.lt\/#\/schema\/logo\/image\/","url":"https:\/\/www.odika.lt\/wp-content\/uploads\/2024\/05\/cropped-odika-web-logo.png","contentUrl":"https:\/\/www.odika.lt\/wp-content\/uploads\/2024\/05\/cropped-odika-web-logo.png","width":768,"height":275,"caption":"odika"},"image":{"@id":"https:\/\/www.odika.lt\/#\/schema\/logo\/image\/"},"sameAs":["https:\/\/www.facebook.com\/baguzio.tapyba.7"]}]}},"_links":{"self":[{"href":"https:\/\/www.odika.lt\/index.php?rest_route=\/wp\/v2\/pages\/538","targetHints":{"allow":["GET"]}}],"collection":[{"href":"https:\/\/www.odika.lt\/index.php?rest_route=\/wp\/v2\/pages"}],"about":[{"href":"https:\/\/www.odika.lt\/index.php?rest_route=\/wp\/v2\/types\/page"}],"author":[{"embeddable":true,"href":"https:\/\/www.odika.lt\/index.php?rest_route=\/wp\/v2\/users\/1"}],"replies":[{"embeddable":true,"href":"https:\/\/www.odika.lt\/index.php?rest_route=%2Fwp%2Fv2%2Fcomments&post=538"}],"version-history":[{"count":0,"href":"https:\/\/www.odika.lt\/index.php?rest_route=\/wp\/v2\/pages\/538\/revisions"}],"wp:attachment":[{"href":"https:\/\/www.odika.lt\/index.php?rest_route=%2Fwp%2Fv2%2Fmedia&parent=538"}],"curies":[{"name":"wp","href":"https:\/\/api.w.org\/{rel}","templated":true}]}}