{"id":19048,"date":"2025-03-21T04:23:33","date_gmt":"2025-03-21T06:23:33","guid":{"rendered":"https:\/\/www.odika.lt\/?post_type=product&#038;p=19048"},"modified":"2025-03-21T04:23:33","modified_gmt":"2025-03-21T06:23:33","slug":"naturalios-odos-vyriska-pinigine-piv73","status":"publish","type":"product","link":"https:\/\/www.odika.lt\/?product=naturalios-odos-vyriska-pinigine-piv73","title":{"rendered":"Nat\u016bralios odos vyri\u0161ka pinigin\u0117 Piv73"},"content":{"rendered":"<p>Nat\u016bralios odos vyri\u0161ka pinigin\u0117. Spalva ruda. I\u0161matavimai 10 cm X 11.5cm.\u00a0 Pinigin\u0119 sudaro trys dalys ir atskiras skyrius popierin\u0117ms kupi\u016broms. Telpa vienuolika korteli\u0173.<\/p>\n","protected":false},"excerpt":{"rendered":"<p>Nat\u016bralios odos vyri\u0161ka pinigin\u0117. Spalva ruda. I\u0161matavimai 10 cm X 11.5cm.\u00a0 Pinigin\u0119 sudaro trys dalys ir atskiras skyrius popierin\u0117ms kupi\u016broms. Telpa vienuolika korteli\u0173.<\/p>\n","protected":false},"featured_media":19054,"comment_status":"open","ping_status":"closed","template":"","meta":[],"product_cat":[31],"product_tag":[],"class_list":{"0":"post-19048","1":"product","2":"type-product","3":"status-publish","4":"has-post-thumbnail","6":"product_cat-vyriskos-pinigines","8":"first","9":"instock","10":"taxable","11":"shipping-taxable","12":"purchasable","13":"product-type-simple"},"yoast_head":"<!-- This site is optimized with the Yoast SEO plugin v24.8.1 - https:\/\/yoast.com\/wordpress\/plugins\/seo\/ -->\n<title>Nat\u016bralios odos vyri\u0161ka pinigin\u0117 Piv73 - odika<\/title>\n<meta name=\"description\" content=\"Odos dirbiniai odiniai suvenyrai rank\u0173 darbo gintaras pusbrangiai akmenys juvelyrin\u0117s dezutes oda vir\u0161eliai oda dekoruotos gertuves portsigarai\" \/>\n<meta name=\"robots\" content=\"index, follow, max-snippet:-1, max-image-preview:large, max-video-preview:-1\" \/>\n<link rel=\"canonical\" href=\"https:\/\/www.odika.lt\/?product=naturalios-odos-vyriska-pinigine-piv73\" \/>\n<meta property=\"og:locale\" content=\"lt_LT\" \/>\n<meta property=\"og:type\" content=\"article\" \/>\n<meta property=\"og:title\" content=\"Nat\u016bralios odos vyri\u0161ka pinigin\u0117 Piv73 - odika\" \/>\n<meta property=\"og:description\" content=\"Odos dirbiniai odiniai suvenyrai rank\u0173 darbo gintaras pusbrangiai akmenys juvelyrin\u0117s dezutes oda vir\u0161eliai oda dekoruotos gertuves portsigarai\" \/>\n<meta property=\"og:url\" content=\"https:\/\/www.odika.lt\/?product=naturalios-odos-vyriska-pinigine-piv73\" \/>\n<meta property=\"og:site_name\" content=\"odika\" \/>\n<meta property=\"article:publisher\" content=\"https:\/\/www.facebook.com\/baguzio.tapyba.7\" \/>\n<meta property=\"og:image\" content=\"https:\/\/www.odika.lt\/wp-content\/uploads\/2025\/03\/20250321_080902.jpg\" \/>\n\t<meta property=\"og:image:width\" content=\"1510\" \/>\n\t<meta property=\"og:image:height\" content=\"1308\" \/>\n\t<meta property=\"og:image:type\" content=\"image\/jpeg\" \/>\n<meta name=\"twitter:card\" content=\"summary_large_image\" \/>\n<script type=\"application\/ld+json\" class=\"yoast-schema-graph\">{\"@context\":\"https:\/\/schema.org\",\"@graph\":[{\"@type\":\"WebPage\",\"@id\":\"https:\/\/www.odika.lt\/?product=naturalios-odos-vyriska-pinigine-piv73\",\"url\":\"https:\/\/www.odika.lt\/?product=naturalios-odos-vyriska-pinigine-piv73\",\"name\":\"Nat\u016bralios odos vyri\u0161ka pinigin\u0117 Piv73 - odika\",\"isPartOf\":{\"@id\":\"https:\/\/www.odika.lt\/#website\"},\"primaryImageOfPage\":{\"@id\":\"https:\/\/www.odika.lt\/?product=naturalios-odos-vyriska-pinigine-piv73#primaryimage\"},\"image\":{\"@id\":\"https:\/\/www.odika.lt\/?product=naturalios-odos-vyriska-pinigine-piv73#primaryimage\"},\"thumbnailUrl\":\"https:\/\/www.odika.lt\/wp-content\/uploads\/2025\/03\/20250321_080902.jpg\",\"datePublished\":\"2025-03-21T06:23:33+00:00\",\"description\":\"Odos dirbiniai odiniai suvenyrai rank\u0173 darbo gintaras pusbrangiai akmenys juvelyrin\u0117s dezutes oda vir\u0161eliai oda dekoruotos gertuves portsigarai\",\"breadcrumb\":{\"@id\":\"https:\/\/www.odika.lt\/?product=naturalios-odos-vyriska-pinigine-piv73#breadcrumb\"},\"inLanguage\":\"lt-LT\",\"potentialAction\":[{\"@type\":\"ReadAction\",\"target\":[\"https:\/\/www.odika.lt\/?product=naturalios-odos-vyriska-pinigine-piv73\"]}]},{\"@type\":\"ImageObject\",\"inLanguage\":\"lt-LT\",\"@id\":\"https:\/\/www.odika.lt\/?product=naturalios-odos-vyriska-pinigine-piv73#primaryimage\",\"url\":\"https:\/\/www.odika.lt\/wp-content\/uploads\/2025\/03\/20250321_080902.jpg\",\"contentUrl\":\"https:\/\/www.odika.lt\/wp-content\/uploads\/2025\/03\/20250321_080902.jpg\",\"width\":1510,\"height\":1308},{\"@type\":\"BreadcrumbList\",\"@id\":\"https:\/\/www.odika.lt\/?product=naturalios-odos-vyriska-pinigine-piv73#breadcrumb\",\"itemListElement\":[{\"@type\":\"ListItem\",\"position\":1,\"name\":\"Home\",\"item\":\"https:\/\/www.odika.lt\/\"},{\"@type\":\"ListItem\",\"position\":2,\"name\":\"Puslapio pavyzdys\",\"item\":\"https:\/\/www.odika.lt\/?page_id=2\"},{\"@type\":\"ListItem\",\"position\":3,\"name\":\"Nat\u016bralios odos vyri\u0161ka pinigin\u0117 Piv73\"}]},{\"@type\":\"WebSite\",\"@id\":\"https:\/\/www.odika.lt\/#website\",\"url\":\"https:\/\/www.odika.lt\/\",\"name\":\"odika\",\"description\":\"Odos dirbiniai ir odiniai suvenyrai\",\"publisher\":{\"@id\":\"https:\/\/www.odika.lt\/#organization\"},\"potentialAction\":[{\"@type\":\"SearchAction\",\"target\":{\"@type\":\"EntryPoint\",\"urlTemplate\":\"https:\/\/www.odika.lt\/?s={search_term_string}\"},\"query-input\":{\"@type\":\"PropertyValueSpecification\",\"valueRequired\":true,\"valueName\":\"search_term_string\"}}],\"inLanguage\":\"lt-LT\"},{\"@type\":\"Organization\",\"@id\":\"https:\/\/www.odika.lt\/#organization\",\"name\":\"odika\",\"url\":\"https:\/\/www.odika.lt\/\",\"logo\":{\"@type\":\"ImageObject\",\"inLanguage\":\"lt-LT\",\"@id\":\"https:\/\/www.odika.lt\/#\/schema\/logo\/image\/\",\"url\":\"https:\/\/www.odika.lt\/wp-content\/uploads\/2024\/05\/cropped-odika-web-logo.png\",\"contentUrl\":\"https:\/\/www.odika.lt\/wp-content\/uploads\/2024\/05\/cropped-odika-web-logo.png\",\"width\":768,\"height\":275,\"caption\":\"odika\"},\"image\":{\"@id\":\"https:\/\/www.odika.lt\/#\/schema\/logo\/image\/\"},\"sameAs\":[\"https:\/\/www.facebook.com\/baguzio.tapyba.7\"]}]}<\/script>\n<!-- \/ Yoast SEO plugin. -->","yoast_head_json":{"title":"Nat\u016bralios odos vyri\u0161ka pinigin\u0117 Piv73 - odika","description":"Odos dirbiniai odiniai suvenyrai rank\u0173 darbo gintaras pusbrangiai akmenys juvelyrin\u0117s dezutes oda vir\u0161eliai oda dekoruotos gertuves portsigarai","robots":{"index":"index","follow":"follow","max-snippet":"max-snippet:-1","max-image-preview":"max-image-preview:large","max-video-preview":"max-video-preview:-1"},"canonical":"https:\/\/www.odika.lt\/?product=naturalios-odos-vyriska-pinigine-piv73","og_locale":"lt_LT","og_type":"article","og_title":"Nat\u016bralios odos vyri\u0161ka pinigin\u0117 Piv73 - odika","og_description":"Odos dirbiniai odiniai suvenyrai rank\u0173 darbo gintaras pusbrangiai akmenys juvelyrin\u0117s dezutes oda vir\u0161eliai oda dekoruotos gertuves portsigarai","og_url":"https:\/\/www.odika.lt\/?product=naturalios-odos-vyriska-pinigine-piv73","og_site_name":"odika","article_publisher":"https:\/\/www.facebook.com\/baguzio.tapyba.7","og_image":[{"width":1510,"height":1308,"url":"https:\/\/www.odika.lt\/wp-content\/uploads\/2025\/03\/20250321_080902.jpg","type":"image\/jpeg"}],"twitter_card":"summary_large_image","schema":{"@context":"https:\/\/schema.org","@graph":[{"@type":"WebPage","@id":"https:\/\/www.odika.lt\/?product=naturalios-odos-vyriska-pinigine-piv73","url":"https:\/\/www.odika.lt\/?product=naturalios-odos-vyriska-pinigine-piv73","name":"Nat\u016bralios odos vyri\u0161ka pinigin\u0117 Piv73 - odika","isPartOf":{"@id":"https:\/\/www.odika.lt\/#website"},"primaryImageOfPage":{"@id":"https:\/\/www.odika.lt\/?product=naturalios-odos-vyriska-pinigine-piv73#primaryimage"},"image":{"@id":"https:\/\/www.odika.lt\/?product=naturalios-odos-vyriska-pinigine-piv73#primaryimage"},"thumbnailUrl":"https:\/\/www.odika.lt\/wp-content\/uploads\/2025\/03\/20250321_080902.jpg","datePublished":"2025-03-21T06:23:33+00:00","description":"Odos dirbiniai odiniai suvenyrai rank\u0173 darbo gintaras pusbrangiai akmenys juvelyrin\u0117s dezutes oda vir\u0161eliai oda dekoruotos gertuves portsigarai","breadcrumb":{"@id":"https:\/\/www.odika.lt\/?product=naturalios-odos-vyriska-pinigine-piv73#breadcrumb"},"inLanguage":"lt-LT","potentialAction":[{"@type":"ReadAction","target":["https:\/\/www.odika.lt\/?product=naturalios-odos-vyriska-pinigine-piv73"]}]},{"@type":"ImageObject","inLanguage":"lt-LT","@id":"https:\/\/www.odika.lt\/?product=naturalios-odos-vyriska-pinigine-piv73#primaryimage","url":"https:\/\/www.odika.lt\/wp-content\/uploads\/2025\/03\/20250321_080902.jpg","contentUrl":"https:\/\/www.odika.lt\/wp-content\/uploads\/2025\/03\/20250321_080902.jpg","width":1510,"height":1308},{"@type":"BreadcrumbList","@id":"https:\/\/www.odika.lt\/?product=naturalios-odos-vyriska-pinigine-piv73#breadcrumb","itemListElement":[{"@type":"ListItem","position":1,"name":"Home","item":"https:\/\/www.odika.lt\/"},{"@type":"ListItem","position":2,"name":"Puslapio pavyzdys","item":"https:\/\/www.odika.lt\/?page_id=2"},{"@type":"ListItem","position":3,"name":"Nat\u016bralios odos vyri\u0161ka pinigin\u0117 Piv73"}]},{"@type":"WebSite","@id":"https:\/\/www.odika.lt\/#website","url":"https:\/\/www.odika.lt\/","name":"odika","description":"Odos dirbiniai ir odiniai suvenyrai","publisher":{"@id":"https:\/\/www.odika.lt\/#organization"},"potentialAction":[{"@type":"SearchAction","target":{"@type":"EntryPoint","urlTemplate":"https:\/\/www.odika.lt\/?s={search_term_string}"},"query-input":{"@type":"PropertyValueSpecification","valueRequired":true,"valueName":"search_term_string"}}],"inLanguage":"lt-LT"},{"@type":"Organization","@id":"https:\/\/www.odika.lt\/#organization","name":"odika","url":"https:\/\/www.odika.lt\/","logo":{"@type":"ImageObject","inLanguage":"lt-LT","@id":"https:\/\/www.odika.lt\/#\/schema\/logo\/image\/","url":"https:\/\/www.odika.lt\/wp-content\/uploads\/2024\/05\/cropped-odika-web-logo.png","contentUrl":"https:\/\/www.odika.lt\/wp-content\/uploads\/2024\/05\/cropped-odika-web-logo.png","width":768,"height":275,"caption":"odika"},"image":{"@id":"https:\/\/www.odika.lt\/#\/schema\/logo\/image\/"},"sameAs":["https:\/\/www.facebook.com\/baguzio.tapyba.7"]}]}},"_links":{"self":[{"href":"https:\/\/www.odika.lt\/index.php?rest_route=\/wp\/v2\/product\/19048","targetHints":{"allow":["GET"]}}],"collection":[{"href":"https:\/\/www.odika.lt\/index.php?rest_route=\/wp\/v2\/product"}],"about":[{"href":"https:\/\/www.odika.lt\/index.php?rest_route=\/wp\/v2\/types\/product"}],"replies":[{"embeddable":true,"href":"https:\/\/www.odika.lt\/index.php?rest_route=%2Fwp%2Fv2%2Fcomments&post=19048"}],"wp:featuredmedia":[{"embeddable":true,"href":"https:\/\/www.odika.lt\/index.php?rest_route=\/wp\/v2\/media\/19054"}],"wp:attachment":[{"href":"https:\/\/www.odika.lt\/index.php?rest_route=%2Fwp%2Fv2%2Fmedia&parent=19048"}],"wp:term":[{"taxonomy":"product_cat","embeddable":true,"href":"https:\/\/www.odika.lt\/index.php?rest_route=%2Fwp%2Fv2%2Fproduct_cat&post=19048"},{"taxonomy":"product_tag","embeddable":true,"href":"https:\/\/www.odika.lt\/index.php?rest_route=%2Fwp%2Fv2%2Fproduct_tag&post=19048"}],"curies":[{"name":"wp","href":"https:\/\/api.w.org\/{rel}","templated":true}]}}