{"id":9134,"date":"2021-01-27T11:32:02","date_gmt":"2021-01-27T13:32:02","guid":{"rendered":"https:\/\/www.odika.lt\/?post_type=product&#038;p=9134"},"modified":"2025-03-19T09:43:15","modified_gmt":"2025-03-19T11:43:15","slug":"pi45","status":"publish","type":"product","link":"https:\/\/www.odika.lt\/?product=pi45","title":{"rendered":"Nat\u016bralios odos vyri\u0161ka pinigin\u0117 Piv43"},"content":{"rendered":"<p>Nat\u016bralios odos vyri\u0161ka pinigin\u0117. Spalva juoda. I\u0161matavimai 10.5cm X 13.5cm.<\/p>\n","protected":false},"excerpt":{"rendered":"<p>Nat\u016bralios odos vyri\u0161ka pinigin\u0117. Spalva juoda. I\u0161matavimai 10.5cm X 13.5cm.<\/p>\n","protected":false},"featured_media":18302,"comment_status":"open","ping_status":"closed","template":"","meta":[],"product_cat":[79,31],"product_tag":[],"class_list":{"0":"post-9134","1":"product","2":"type-product","3":"status-publish","4":"has-post-thumbnail","6":"product_cat-pinigines","7":"product_cat-vyriskos-pinigines","9":"first","10":"instock","11":"taxable","12":"shipping-taxable","13":"purchasable","14":"product-type-simple"},"yoast_head":"<!-- This site is optimized with the Yoast SEO plugin v24.8.1 - https:\/\/yoast.com\/wordpress\/plugins\/seo\/ -->\n<title>Nat\u016bralios odos vyri\u0161ka pinigin\u0117 Piv43 - odika<\/title>\n<meta name=\"description\" content=\"Odos dirbiniai odiniai suvenyrai rank\u0173 darbo gintaras pusbrangiai akmenys juvelyrin\u0117s dezutes oda vir\u0161eliai oda dekoruotos gertuves portsigarai\" \/>\n<meta name=\"robots\" content=\"index, follow, max-snippet:-1, max-image-preview:large, max-video-preview:-1\" \/>\n<link rel=\"canonical\" href=\"https:\/\/www.odika.lt\/?product=pi45\" \/>\n<meta property=\"og:locale\" content=\"lt_LT\" \/>\n<meta property=\"og:type\" content=\"article\" \/>\n<meta property=\"og:title\" content=\"Nat\u016bralios odos vyri\u0161ka pinigin\u0117 Piv43 - odika\" \/>\n<meta property=\"og:description\" content=\"Odos dirbiniai odiniai suvenyrai rank\u0173 darbo gintaras pusbrangiai akmenys juvelyrin\u0117s dezutes oda vir\u0161eliai oda dekoruotos gertuves portsigarai\" \/>\n<meta property=\"og:url\" content=\"https:\/\/www.odika.lt\/?product=pi45\" \/>\n<meta property=\"og:site_name\" content=\"odika\" \/>\n<meta property=\"article:publisher\" content=\"https:\/\/www.facebook.com\/baguzio.tapyba.7\" \/>\n<meta property=\"article:modified_time\" content=\"2025-03-19T11:43:15+00:00\" \/>\n<meta property=\"og:image\" content=\"https:\/\/www.odika.lt\/wp-content\/uploads\/2021\/01\/Vp43.jpg\" \/>\n\t<meta property=\"og:image:width\" content=\"1216\" \/>\n\t<meta property=\"og:image:height\" content=\"1438\" \/>\n\t<meta property=\"og:image:type\" content=\"image\/jpeg\" \/>\n<meta name=\"twitter:card\" content=\"summary_large_image\" \/>\n<script type=\"application\/ld+json\" class=\"yoast-schema-graph\">{\"@context\":\"https:\/\/schema.org\",\"@graph\":[{\"@type\":\"WebPage\",\"@id\":\"https:\/\/www.odika.lt\/?product=pi45\",\"url\":\"https:\/\/www.odika.lt\/?product=pi45\",\"name\":\"Nat\u016bralios odos vyri\u0161ka pinigin\u0117 Piv43 - odika\",\"isPartOf\":{\"@id\":\"https:\/\/www.odika.lt\/#website\"},\"primaryImageOfPage\":{\"@id\":\"https:\/\/www.odika.lt\/?product=pi45#primaryimage\"},\"image\":{\"@id\":\"https:\/\/www.odika.lt\/?product=pi45#primaryimage\"},\"thumbnailUrl\":\"https:\/\/www.odika.lt\/wp-content\/uploads\/2021\/01\/Vp43.jpg\",\"datePublished\":\"2021-01-27T13:32:02+00:00\",\"dateModified\":\"2025-03-19T11:43:15+00:00\",\"description\":\"Odos dirbiniai odiniai suvenyrai rank\u0173 darbo gintaras pusbrangiai akmenys juvelyrin\u0117s dezutes oda vir\u0161eliai oda dekoruotos gertuves portsigarai\",\"breadcrumb\":{\"@id\":\"https:\/\/www.odika.lt\/?product=pi45#breadcrumb\"},\"inLanguage\":\"lt-LT\",\"potentialAction\":[{\"@type\":\"ReadAction\",\"target\":[\"https:\/\/www.odika.lt\/?product=pi45\"]}]},{\"@type\":\"ImageObject\",\"inLanguage\":\"lt-LT\",\"@id\":\"https:\/\/www.odika.lt\/?product=pi45#primaryimage\",\"url\":\"https:\/\/www.odika.lt\/wp-content\/uploads\/2021\/01\/Vp43.jpg\",\"contentUrl\":\"https:\/\/www.odika.lt\/wp-content\/uploads\/2021\/01\/Vp43.jpg\",\"width\":1216,\"height\":1438},{\"@type\":\"BreadcrumbList\",\"@id\":\"https:\/\/www.odika.lt\/?product=pi45#breadcrumb\",\"itemListElement\":[{\"@type\":\"ListItem\",\"position\":1,\"name\":\"Home\",\"item\":\"https:\/\/www.odika.lt\/\"},{\"@type\":\"ListItem\",\"position\":2,\"name\":\"Puslapio pavyzdys\",\"item\":\"https:\/\/www.odika.lt\/?page_id=2\"},{\"@type\":\"ListItem\",\"position\":3,\"name\":\"Nat\u016bralios odos vyri\u0161ka pinigin\u0117 Piv43\"}]},{\"@type\":\"WebSite\",\"@id\":\"https:\/\/www.odika.lt\/#website\",\"url\":\"https:\/\/www.odika.lt\/\",\"name\":\"odika\",\"description\":\"Odos dirbiniai ir odiniai suvenyrai\",\"publisher\":{\"@id\":\"https:\/\/www.odika.lt\/#organization\"},\"potentialAction\":[{\"@type\":\"SearchAction\",\"target\":{\"@type\":\"EntryPoint\",\"urlTemplate\":\"https:\/\/www.odika.lt\/?s={search_term_string}\"},\"query-input\":{\"@type\":\"PropertyValueSpecification\",\"valueRequired\":true,\"valueName\":\"search_term_string\"}}],\"inLanguage\":\"lt-LT\"},{\"@type\":\"Organization\",\"@id\":\"https:\/\/www.odika.lt\/#organization\",\"name\":\"odika\",\"url\":\"https:\/\/www.odika.lt\/\",\"logo\":{\"@type\":\"ImageObject\",\"inLanguage\":\"lt-LT\",\"@id\":\"https:\/\/www.odika.lt\/#\/schema\/logo\/image\/\",\"url\":\"https:\/\/www.odika.lt\/wp-content\/uploads\/2024\/05\/cropped-odika-web-logo.png\",\"contentUrl\":\"https:\/\/www.odika.lt\/wp-content\/uploads\/2024\/05\/cropped-odika-web-logo.png\",\"width\":768,\"height\":275,\"caption\":\"odika\"},\"image\":{\"@id\":\"https:\/\/www.odika.lt\/#\/schema\/logo\/image\/\"},\"sameAs\":[\"https:\/\/www.facebook.com\/baguzio.tapyba.7\"]}]}<\/script>\n<!-- \/ Yoast SEO plugin. -->","yoast_head_json":{"title":"Nat\u016bralios odos vyri\u0161ka pinigin\u0117 Piv43 - odika","description":"Odos dirbiniai odiniai suvenyrai rank\u0173 darbo gintaras pusbrangiai akmenys juvelyrin\u0117s dezutes oda vir\u0161eliai oda dekoruotos gertuves portsigarai","robots":{"index":"index","follow":"follow","max-snippet":"max-snippet:-1","max-image-preview":"max-image-preview:large","max-video-preview":"max-video-preview:-1"},"canonical":"https:\/\/www.odika.lt\/?product=pi45","og_locale":"lt_LT","og_type":"article","og_title":"Nat\u016bralios odos vyri\u0161ka pinigin\u0117 Piv43 - odika","og_description":"Odos dirbiniai odiniai suvenyrai rank\u0173 darbo gintaras pusbrangiai akmenys juvelyrin\u0117s dezutes oda vir\u0161eliai oda dekoruotos gertuves portsigarai","og_url":"https:\/\/www.odika.lt\/?product=pi45","og_site_name":"odika","article_publisher":"https:\/\/www.facebook.com\/baguzio.tapyba.7","article_modified_time":"2025-03-19T11:43:15+00:00","og_image":[{"width":1216,"height":1438,"url":"https:\/\/www.odika.lt\/wp-content\/uploads\/2021\/01\/Vp43.jpg","type":"image\/jpeg"}],"twitter_card":"summary_large_image","schema":{"@context":"https:\/\/schema.org","@graph":[{"@type":"WebPage","@id":"https:\/\/www.odika.lt\/?product=pi45","url":"https:\/\/www.odika.lt\/?product=pi45","name":"Nat\u016bralios odos vyri\u0161ka pinigin\u0117 Piv43 - odika","isPartOf":{"@id":"https:\/\/www.odika.lt\/#website"},"primaryImageOfPage":{"@id":"https:\/\/www.odika.lt\/?product=pi45#primaryimage"},"image":{"@id":"https:\/\/www.odika.lt\/?product=pi45#primaryimage"},"thumbnailUrl":"https:\/\/www.odika.lt\/wp-content\/uploads\/2021\/01\/Vp43.jpg","datePublished":"2021-01-27T13:32:02+00:00","dateModified":"2025-03-19T11:43:15+00:00","description":"Odos dirbiniai odiniai suvenyrai rank\u0173 darbo gintaras pusbrangiai akmenys juvelyrin\u0117s dezutes oda vir\u0161eliai oda dekoruotos gertuves portsigarai","breadcrumb":{"@id":"https:\/\/www.odika.lt\/?product=pi45#breadcrumb"},"inLanguage":"lt-LT","potentialAction":[{"@type":"ReadAction","target":["https:\/\/www.odika.lt\/?product=pi45"]}]},{"@type":"ImageObject","inLanguage":"lt-LT","@id":"https:\/\/www.odika.lt\/?product=pi45#primaryimage","url":"https:\/\/www.odika.lt\/wp-content\/uploads\/2021\/01\/Vp43.jpg","contentUrl":"https:\/\/www.odika.lt\/wp-content\/uploads\/2021\/01\/Vp43.jpg","width":1216,"height":1438},{"@type":"BreadcrumbList","@id":"https:\/\/www.odika.lt\/?product=pi45#breadcrumb","itemListElement":[{"@type":"ListItem","position":1,"name":"Home","item":"https:\/\/www.odika.lt\/"},{"@type":"ListItem","position":2,"name":"Puslapio pavyzdys","item":"https:\/\/www.odika.lt\/?page_id=2"},{"@type":"ListItem","position":3,"name":"Nat\u016bralios odos vyri\u0161ka pinigin\u0117 Piv43"}]},{"@type":"WebSite","@id":"https:\/\/www.odika.lt\/#website","url":"https:\/\/www.odika.lt\/","name":"odika","description":"Odos dirbiniai ir odiniai suvenyrai","publisher":{"@id":"https:\/\/www.odika.lt\/#organization"},"potentialAction":[{"@type":"SearchAction","target":{"@type":"EntryPoint","urlTemplate":"https:\/\/www.odika.lt\/?s={search_term_string}"},"query-input":{"@type":"PropertyValueSpecification","valueRequired":true,"valueName":"search_term_string"}}],"inLanguage":"lt-LT"},{"@type":"Organization","@id":"https:\/\/www.odika.lt\/#organization","name":"odika","url":"https:\/\/www.odika.lt\/","logo":{"@type":"ImageObject","inLanguage":"lt-LT","@id":"https:\/\/www.odika.lt\/#\/schema\/logo\/image\/","url":"https:\/\/www.odika.lt\/wp-content\/uploads\/2024\/05\/cropped-odika-web-logo.png","contentUrl":"https:\/\/www.odika.lt\/wp-content\/uploads\/2024\/05\/cropped-odika-web-logo.png","width":768,"height":275,"caption":"odika"},"image":{"@id":"https:\/\/www.odika.lt\/#\/schema\/logo\/image\/"},"sameAs":["https:\/\/www.facebook.com\/baguzio.tapyba.7"]}]}},"_links":{"self":[{"href":"https:\/\/www.odika.lt\/index.php?rest_route=\/wp\/v2\/product\/9134","targetHints":{"allow":["GET"]}}],"collection":[{"href":"https:\/\/www.odika.lt\/index.php?rest_route=\/wp\/v2\/product"}],"about":[{"href":"https:\/\/www.odika.lt\/index.php?rest_route=\/wp\/v2\/types\/product"}],"replies":[{"embeddable":true,"href":"https:\/\/www.odika.lt\/index.php?rest_route=%2Fwp%2Fv2%2Fcomments&post=9134"}],"wp:featuredmedia":[{"embeddable":true,"href":"https:\/\/www.odika.lt\/index.php?rest_route=\/wp\/v2\/media\/18302"}],"wp:attachment":[{"href":"https:\/\/www.odika.lt\/index.php?rest_route=%2Fwp%2Fv2%2Fmedia&parent=9134"}],"wp:term":[{"taxonomy":"product_cat","embeddable":true,"href":"https:\/\/www.odika.lt\/index.php?rest_route=%2Fwp%2Fv2%2Fproduct_cat&post=9134"},{"taxonomy":"product_tag","embeddable":true,"href":"https:\/\/www.odika.lt\/index.php?rest_route=%2Fwp%2Fv2%2Fproduct_tag&post=9134"}],"curies":[{"name":"wp","href":"https:\/\/api.w.org\/{rel}","templated":true}]}}